{"id":2,"date":"2023-06-11T19:05:33","date_gmt":"2023-06-11T17:05:33","guid":{"rendered":"http:\/\/protect-erceenlamee.com\/?page_id=2"},"modified":"2023-12-10T18:28:59","modified_gmt":"2023-12-10T17:28:59","slug":"accueil","status":"publish","type":"page","link":"https:\/\/vent-debout-erce-teillay.com\/","title":{"rendered":"Accueil"},"content":{"rendered":"<p>[et_pb_section fb_built=\u00a0\u00bb1&Prime; fullwidth=\u00a0\u00bbon\u00a0\u00bb _builder_version=\u00a0\u00bb4.21.0&Prime; _module_preset=\u00a0\u00bbdefault\u00a0\u00bb global_colors_info=\u00a0\u00bb{}\u00a0\u00bb][et_pb_fullwidth_image src=\u00a0\u00bbhttps:\/\/protect-erceenlamee.com\/wp-content\/uploads\/2023\/06\/protect-erceenlamee-eolienne.jpg\u00a0\u00bb title_text=\u00a0\u00bbprotect-erceenlamee-eolienne\u00a0\u00bb _builder_version=\u00a0\u00bb4.21.0&Prime; _module_preset=\u00a0\u00bbdefault\u00a0\u00bb global_colors_info=\u00a0\u00bb{}\u00a0\u00bb][\/et_pb_fullwidth_image][\/et_pb_section][et_pb_section fb_built=\u00a0\u00bb1&Prime; _builder_version=\u00a0\u00bb4.21.0&Prime; _module_preset=\u00a0\u00bbdefault\u00a0\u00bb background_color=\u00a0\u00bb#b20606&Prime; global_colors_info=\u00a0\u00bb{}\u00a0\u00bb][et_pb_row _builder_version=\u00a0\u00bb4.21.0&Prime; _module_preset=\u00a0\u00bbdefault\u00a0\u00bb global_colors_info=\u00a0\u00bb{}\u00a0\u00bb][et_pb_column type=\u00a0\u00bb4_4&Prime; _builder_version=\u00a0\u00bb4.21.0&Prime; _module_preset=\u00a0\u00bbdefault\u00a0\u00bb global_colors_info=\u00a0\u00bb{}\u00a0\u00bb][et_pb_text _builder_version=\u00a0\u00bb4.21.0&Prime; _module_preset=\u00a0\u00bbdefault\u00a0\u00bb header_font=\u00a0\u00bb|||on|||||\u00a0\u00bb header_text_align=\u00a0\u00bbcenter\u00a0\u00bb header_text_color=\u00a0\u00bb#FFFFFF\u00a0\u00bb header_line_height=\u00a0\u00bb1.2em\u00a0\u00bb background_enable_color=\u00a0\u00bboff\u00a0\u00bb global_colors_info=\u00a0\u00bb{}\u00a0\u00bb]<\/p>\n<h1>Non aux \u00e9oliennes g\u00e9antes \u00e0 Erc\u00e9 en Lam\u00e9e !<\/h1>\n<p>[\/et_pb_text][et_pb_button button_url=\u00a0\u00bbhttps:\/\/chng.it\/jtZ7KVpw\u00a0\u00bb url_new_window=\u00a0\u00bbon\u00a0\u00bb button_text=\u00a0\u00bbSigner la p\u00e9tition\u00a0\u00bb button_alignment=\u00a0\u00bbcenter\u00a0\u00bb _builder_version=\u00a0\u00bb4.21.0&Prime; _module_preset=\u00a0\u00bbdefault\u00a0\u00bb global_colors_info=\u00a0\u00bb{}\u00a0\u00bb][\/et_pb_button][\/et_pb_column][\/et_pb_row][\/et_pb_section][et_pb_section fb_built=\u00a0\u00bb1&Prime; _builder_version=\u00a0\u00bb4.21.0&Prime; _module_preset=\u00a0\u00bbdefault\u00a0\u00bb global_colors_info=\u00a0\u00bb{}\u00a0\u00bb][et_pb_row _builder_version=\u00a0\u00bb4.21.0&Prime; _module_preset=\u00a0\u00bbdefault\u00a0\u00bb global_colors_info=\u00a0\u00bb{}\u00a0\u00bb][et_pb_column type=\u00a0\u00bb4_4&Prime; _builder_version=\u00a0\u00bb4.21.0&Prime; _module_preset=\u00a0\u00bbdefault\u00a0\u00bb global_colors_info=\u00a0\u00bb{}\u00a0\u00bb][et_pb_text _builder_version=\u00a0\u00bb4.21.0&Prime; _module_preset=\u00a0\u00bbdefault\u00a0\u00bb header_2_text_color=\u00a0\u00bb#b20606&Prime; header_2_font_size=\u00a0\u00bb24px\u00a0\u00bb global_colors_info=\u00a0\u00bb{}\u00a0\u00bb]<\/p>\n<h2>Stoppons le projet \u00e9olien sur le village d&rsquo;Erc\u00e9-en-Lam\u00e9e !<\/h2>\n<p>Avez-vous entendu parl\u00e9 du projet de parc \u00e9olien de la Lande Livreul \u00e0 Erc\u00e9-En-Lam\u00e9e ? Pour r\u00e9sumer la chose, il est question d&rsquo;implanter deux \u00e0 trois \u00e9oliennes g\u00e9antes, atteignant une hauteur de 150 \u00e0 200 m\u00e8tres, aux portes de notre communaut\u00e9 de 1500 habitants. Pour vous donner des \u00e9l\u00e9ments de comparaison, le ch\u00e2teau d\u2019eau que l\u2019on aper\u00e7oit assez facilement du village culmine \u00e0 seulement 44 m\u00e8tres de haut. <strong>200 m\u00e8tres c\u2019est presque la taille de la tour Montparnasse \u00e0 Paris<\/strong>. Ce n&rsquo;est donc pas seulement les quelques maisons alentours du joli site de l\u2019\u00e9tang de la coul\u00e9e, ni des diff\u00e9rents lieu-dits situ\u00e9s sur la zone en question qui s\u2019appr\u00eate \u00e0 \u00eatre impact\u00e9s mais c\u2019est bien l&rsquo;ensemble du village et de fa\u00e7on irr\u00e9m\u00e9diable.<\/p>\n<p>[\/et_pb_text][\/et_pb_column][\/et_pb_row][\/et_pb_section][et_pb_section fb_built=\u00a0\u00bb1&Prime; fullwidth=\u00a0\u00bbon\u00a0\u00bb _builder_version=\u00a0\u00bb4.21.0&Prime; _module_preset=\u00a0\u00bbdefault\u00a0\u00bb global_colors_info=\u00a0\u00bb{}\u00a0\u00bb][et_pb_fullwidth_image src=\u00a0\u00bbhttps:\/\/protect-erceenlamee.com\/wp-content\/uploads\/2023\/06\/echelle.jpg\u00a0\u00bb title_text=\u00a0\u00bbechelle\u00a0\u00bb _builder_version=\u00a0\u00bb4.21.0&Prime; _module_preset=\u00a0\u00bbdefault\u00a0\u00bb custom_padding=\u00a0\u00bb|0px||||\u00a0\u00bb global_colors_info=\u00a0\u00bb{}\u00a0\u00bb][\/et_pb_fullwidth_image][\/et_pb_section][et_pb_section fb_built=\u00a0\u00bb1&Prime; _builder_version=\u00a0\u00bb4.21.0&Prime; _module_preset=\u00a0\u00bbdefault\u00a0\u00bb global_colors_info=\u00a0\u00bb{}\u00a0\u00bb][et_pb_row _builder_version=\u00a0\u00bb4.21.0&Prime; _module_preset=\u00a0\u00bbdefault\u00a0\u00bb global_colors_info=\u00a0\u00bb{}\u00a0\u00bb][et_pb_column type=\u00a0\u00bb4_4&Prime; _builder_version=\u00a0\u00bb4.21.0&Prime; _module_preset=\u00a0\u00bbdefault\u00a0\u00bb global_colors_info=\u00a0\u00bb{}\u00a0\u00bb][et_pb_text _builder_version=\u00a0\u00bb4.21.0&Prime; _module_preset=\u00a0\u00bbdefault\u00a0\u00bb header_2_text_color=\u00a0\u00bb#b20606&Prime; header_2_font_size=\u00a0\u00bb20px\u00a0\u00bb hover_enabled=\u00a0\u00bb0&Prime; global_colors_info=\u00a0\u00bb{}\u00a0\u00bb sticky_enabled=\u00a0\u00bb0&Prime;]<\/p>\n<h2>Impact visuel et paysager<\/h2>\n<p>Ces \u00e9oliennes \u00e0 l\u2019entr\u00e9e du village d\u00e9figureraient durablement notre cadre de vie.<br \/>De par leur implantation sur une cr\u00eate et leur taille gigantesque les \u00e9oliennes seront visibles depuis le coeur m\u00eame du village, de tous les environs et m\u00eame depuis Bain-de-Bretagne.<\/p>\n<h2>Nuisances sonores<\/h2>\n<p>Les \u00e9oliennes produisent un bruit constant qui perturberait notre qui\u00e9tude.<\/p>\n<h2>Pollution lumineuse nocturne<\/h2>\n<p>Les voyants rouges clignotants, similaires \u00e0 ceux d&rsquo;une piste d&rsquo;atterrissage, perturberaient notre ciel nocturne.<\/p>\n<h2>Impact sur la valeur de nos biens immobiliers<\/h2>\n<p>La pr\u00e9sence d&rsquo;\u00e9oliennes \u00e0 proximit\u00e9 imm\u00e9diate ferait baisser la valeur de nos propri\u00e9t\u00e9s.<\/p>\n<h2>Elargissement des chemins communaux<\/h2>\n<p>Les petits chemins devront \u00eatre agrandis jusqu\u2019\u00e0 5 m\u00e8tres de large pour accueillir les engins et convois exceptionnels n\u00e9cessaires \u00e0 la construction et \u00e0 l&rsquo;entretien des \u00e9oliennes.<\/p>\n<h2>Dommages aux sols agricoles<\/h2>\n<p>Des milliers de tonnes de b\u00e9ton seraient inject\u00e9es \u00e0 jamais dans les terres agricoles, endommageant ainsi nos ressources naturelles.<\/p>\n<h2>Impact sur la biodiversit\u00e9<\/h2>\n<p>L&rsquo;implantation d&rsquo;\u00e9oliennes g\u00e9antes menacerait la faune et la flore locales, perturbant l&rsquo;\u00e9quilibre \u00e9cologique local. Les exemples sont nombreux sur des chantiers similaires qui ont vu le jour.<\/p>\n<blockquote>\n<p>Chacun peut se faire son avis sur la chose en se documentant sur la pertinence de ce type d\u2019\u00e9nergie. Ce n\u2019est pas le propos ici. Il s\u2019agit de nous positionner contre un projet hors de toute proportion aux portes du village d&rsquo;Erc\u00e9-en-Lam\u00e9e avant que celui-ci ne soit d\u00e9figur\u00e9.<br \/><strong>Signez la p\u00e9tition en ligne, il est urgent d\u2019agir.<\/strong><\/p>\n<\/blockquote>\n<p>[\/et_pb_text][et_pb_image src=\u00a0\u00bbhttps:\/\/protect-erceenlamee.com\/wp-content\/uploads\/2023\/12\/erce-teillay-eolienne-1.jpg\u00a0\u00bb title_text=\u00a0\u00bberce-teillay-eolienne\u00a0\u00bb _builder_version=\u00a0\u00bb4.21.0&Prime; _module_preset=\u00a0\u00bbdefault\u00a0\u00bb global_colors_info=\u00a0\u00bb{}\u00a0\u00bb][\/et_pb_image][et_pb_text _builder_version=\u00a0\u00bb4.21.0&Prime; _module_preset=\u00a0\u00bbdefault\u00a0\u00bb global_colors_info=\u00a0\u00bb{}\u00a0\u00bb]Vue depuis l&rsquo;\u00e9glise d&rsquo;Erc\u00e9 en Lam\u00e9e apr\u00e8s l&rsquo;implantation des \u00e9oliennes.[\/et_pb_text][\/et_pb_column][\/et_pb_row][et_pb_row column_structure=\u00a0\u00bb1_3,1_3,1_3&Prime; _builder_version=\u00a0\u00bb4.21.0&Prime; _module_preset=\u00a0\u00bbdefault\u00a0\u00bb global_colors_info=\u00a0\u00bb{}\u00a0\u00bb][et_pb_column type=\u00a0\u00bb1_3&Prime; _builder_version=\u00a0\u00bb4.21.0&Prime; _module_preset=\u00a0\u00bbdefault\u00a0\u00bb global_colors_info=\u00a0\u00bb{}\u00a0\u00bb][\/et_pb_column][et_pb_column type=\u00a0\u00bb1_3&Prime; _builder_version=\u00a0\u00bb4.21.0&Prime; _module_preset=\u00a0\u00bbdefault\u00a0\u00bb global_colors_info=\u00a0\u00bb{}\u00a0\u00bb][et_pb_image src=\u00a0\u00bbhttps:\/\/protect-erceenlamee.com\/wp-content\/uploads\/2023\/06\/Change.png\u00a0\u00bb title_text=\u00a0\u00bbChange\u00a0\u00bb url=\u00a0\u00bbhttps:\/\/chng.it\/SCTbnrCjFj\u00a0\u00bb url_new_window=\u00a0\u00bbon\u00a0\u00bb _builder_version=\u00a0\u00bb4.21.0&Prime; _module_preset=\u00a0\u00bbdefault\u00a0\u00bb global_colors_info=\u00a0\u00bb{}\u00a0\u00bb][\/et_pb_image][\/et_pb_column][et_pb_column type=\u00a0\u00bb1_3&Prime; _builder_version=\u00a0\u00bb4.21.0&Prime; _module_preset=\u00a0\u00bbdefault\u00a0\u00bb global_colors_info=\u00a0\u00bb{}\u00a0\u00bb][\/et_pb_column][\/et_pb_row][\/et_pb_section]<\/p>\n","protected":false},"excerpt":{"rendered":"<p>Non aux \u00e9oliennes g\u00e9antes \u00e0 Erc\u00e9 en Lam\u00e9e !Stoppons le projet \u00e9olien sur le village d&rsquo;Erc\u00e9-en-Lam\u00e9e ! Avez-vous entendu parl\u00e9 du projet de parc \u00e9olien de la Lande Livreul \u00e0 Erc\u00e9-En-Lam\u00e9e ? Pour r\u00e9sumer la chose, il est question d&rsquo;implanter deux \u00e0 trois \u00e9oliennes g\u00e9antes, atteignant une hauteur de 150 \u00e0 200 m\u00e8tres, aux portes [&hellip;]<\/p>\n","protected":false},"author":1,"featured_media":17,"parent":0,"menu_order":0,"comment_status":"closed","ping_status":"open","template":"","meta":{"_et_pb_use_builder":"on","_et_pb_old_content":"<!-- wp:paragraph -->\r\n<p>Ceci est une page d\u2019exemple. C\u2019est diff\u00e9rent d\u2019un article de blog parce qu\u2019elle restera au m\u00eame endroit et appara\u00eetra dans la navigation de votre site (dans la plupart des th\u00e8mes). La plupart des gens commencent par une page \u00ab\u00a0\u00c0 propos\u00a0\u00bb qui les pr\u00e9sente aux personnes visitant le site. Cela pourrait ressembler \u00e0 quelque chose comme cela\u00a0:<\/p>\r\n<!-- \/wp:paragraph --><!-- wp:quote -->\r\n<blockquote class=\"wp-block-quote\">\r\n<p>Bonjour\u00a0! Je suis un m\u00e9canicien qui aspire \u00e0 devenir acteur, et voici mon site. J\u2019habite \u00e0 Bordeaux, j\u2019ai un super chien baptis\u00e9 Russell, et j\u2019aime la vodka (ainsi qu\u2019\u00eatre surpris par la pluie soudaine lors de longues balades sur la plage au coucher du soleil).<\/p>\r\n<\/blockquote>\r\n<!-- \/wp:quote --><!-- wp:paragraph -->\r\n<p>\u2026ou quelque chose comme cela\u00a0:<\/p>\r\n<!-- \/wp:paragraph --><!-- wp:quote -->\r\n<blockquote class=\"wp-block-quote\">\r\n<p>La soci\u00e9t\u00e9 123 Machin Truc a \u00e9t\u00e9 cr\u00e9\u00e9e en 1971, et n\u2019a cess\u00e9 de proposer au public des machins-trucs de qualit\u00e9 depuis lors. Situ\u00e9e \u00e0 Saint-Remy-en-Bouzemont-Saint-Genest-et-Isson, 123 Machin Truc emploie 2 000 personnes, et fabrique toutes sortes de bidules supers pour la communaut\u00e9 bouzemontoise.<\/p>\r\n<\/blockquote>\r\n<!-- \/wp:quote --><!-- wp:paragraph -->\r\n<p>En tant que nouvel utilisateur ou utilisatrice de WordPress, vous devriez vous rendre sur <a href=\"http:\/\/protect-erceenlamee.com\/wp-admin\/\">votre tableau de bord<\/a> pour supprimer cette page et cr\u00e9er de nouvelles pages pour votre contenu. Amusez-vous bien\u00a0!<\/p>\r\n<!-- \/wp:paragraph -->","_et_gb_content_width":"","footnotes":""},"class_list":["post-2","page","type-page","status-publish","has-post-thumbnail","hentry"],"_links":{"self":[{"href":"https:\/\/vent-debout-erce-teillay.com\/index.php\/wp-json\/wp\/v2\/pages\/2","targetHints":{"allow":["GET"]}}],"collection":[{"href":"https:\/\/vent-debout-erce-teillay.com\/index.php\/wp-json\/wp\/v2\/pages"}],"about":[{"href":"https:\/\/vent-debout-erce-teillay.com\/index.php\/wp-json\/wp\/v2\/types\/page"}],"author":[{"embeddable":true,"href":"https:\/\/vent-debout-erce-teillay.com\/index.php\/wp-json\/wp\/v2\/users\/1"}],"replies":[{"embeddable":true,"href":"https:\/\/vent-debout-erce-teillay.com\/index.php\/wp-json\/wp\/v2\/comments?post=2"}],"version-history":[{"count":23,"href":"https:\/\/vent-debout-erce-teillay.com\/index.php\/wp-json\/wp\/v2\/pages\/2\/revisions"}],"predecessor-version":[{"id":77,"href":"https:\/\/vent-debout-erce-teillay.com\/index.php\/wp-json\/wp\/v2\/pages\/2\/revisions\/77"}],"wp:featuredmedia":[{"embeddable":true,"href":"https:\/\/vent-debout-erce-teillay.com\/index.php\/wp-json\/wp\/v2\/media\/17"}],"wp:attachment":[{"href":"https:\/\/vent-debout-erce-teillay.com\/index.php\/wp-json\/wp\/v2\/media?parent=2"}],"curies":[{"name":"wp","href":"https:\/\/api.w.org\/{rel}","templated":true}]}}